{"id":1997,"date":"2016-09-24T17:59:59","date_gmt":"2016-09-24T17:59:59","guid":{"rendered":"http:\/\/sandbox.curlythemes.com\/pirouette\/?page_id=1997"},"modified":"2023-05-01T20:48:08","modified_gmt":"2023-05-01T20:48:08","slug":"renata","status":"publish","type":"page","link":"https:\/\/ballettschule-lopes.de\/w\/renata\/","title":{"rendered":"Renata Chrisine Lopes"},"content":{"rendered":"[vc_row content_placement=&#8220;middle&#8220; curly_bg_repeat=&#8220;bg-repeat-x&#8220; curly_bg_position=&#8220;bg-pos-center-bottom&#8220; curly_padding=&#8220;content-padding-lg&#8220; css=&#8220;.vc_custom_1474744696716{background-color: #f7f6f6 !important;}&#8220;][vc_column width=&#8220;5\/12&#8243; offset=&#8220;vc_col-sm-offset-1&#8243;][vc_single_image image=&#8220;2150&#8243; img_size=&#8220;full&#8220; el_class=&#8220;img-frame-large&#8220;][vc_single_image image=&#8220;2378&#8243; img_size=&#8220;full&#8220; el_class=&#8220;img-frame-large&#8220;][\/vc_column][vc_column width=&#8220;1\/3&#8243; offset=&#8220;vc_col-sm-offset-1&#8243;][vc_column_text]\n<h2 class=\"special-title\"><strong>Renata Cristine Lopes<br \/>\n<\/strong>Ballett Lehrerin<small>Chefftrainerin<\/small><\/h2>\n<p class=\"lead\">Renata Cristine Lopes begann bereits mit 4 Jahren mit dem Ballettunterricht und ist die Hauptlehrerin von der Ballettschule Lopes. Sie unterrichtet seit 1999 in ihren eigenen Ballettschulen. Die diplom Ballettlehrerin &amp; T\u00e4nzerin absolvierte Ihren Abschluss an der renommierten staatlichen Ballettschule von Cuba in Havanna.<br \/>\nSp\u00e4ter war sie T\u00e4nzerin bei der Dance Company von Sao Paulo und trat als solo T\u00e4nzerin in Dornr\u00f6schen, Blauer Vogel auf.<\/p>\n<p>Wenn sie weitere Fragen haben, schreiben sie uns einfach eine E-Mail, wir stehen Ihnen jederzeit gerne zur Verf\u00fcgung.[\/vc_column_text][vc_empty_space height=&#8220;16px&#8220;][vc_column_text]<a href='https:\/\/www.instagram.com\/ballettschule_lopes\/?hl=en' target='_self' ><i class='far fa-fw fa-instagram fa-lg fa-boxed' style=''><\/i><\/a>[\/vc_column_text][\/vc_column][\/vc_row][vc_row curly_padding=&#8220;content-padding-lg&#8220; css=&#8220;.vc_custom_1474745430794{padding-bottom: 15rem !important;}&#8220;][vc_column width=&#8220;1\/2&#8243;][vc_column_text]\n<h2><strong>Trainerschein zum Balletttrainer\/in erwerben<\/strong><\/h2>\n<p>Haben Sie schon l\u00e4ngere Zeit Balletterfahrung ?<br \/>\nM\u00f6chten Sie Ihre eigene Ballettschule betreiben oder einfach nur Kurse in Sportstudios geben ?<\/p>\n<p>Wir bieten Ihnen einen der schnellsten und g\u00fcnstigsten Wege zur begehrten Trainerlizenz mit welcher Sie Ihre eigene Ballettschule, unter dem Namen betreiben k\u00f6nnen, an.<\/p>\n<p>Ihre Vorteile:<\/p>\n<p>-Sie profitieren durch einen bereits bekannten seri\u00f6sen Namen.<br \/>\n-Sie brauchen sich nicht um Werbekampagnen (wie z.Bsp Flyer, Plakate) zu k\u00fcmmern, da diese von der Hauptzentrale aus geregelt werden.<br \/>\n-Sie erhalten professionelle Unterst\u00fctzung von Anfang an\u2026<\/p>\n<p>Interressiert ?<\/p>\n<p>Schreiben Sie uns einfach eine E-Mail, wir Ihnen nat\u00fcrlich jederzeit gerne zur Verf\u00fcgung.<\/p>\n<p>Wir freuen uns schon jetzt, Sie bei uns begr\u00fc\u00dfen zu d\u00fcrfen.[\/vc_column_text][vc_empty_space][vc_empty_space][\/vc_column][vc_column width=&#8220;5\/12&#8243; offset=&#8220;vc_col-sm-offset-1&#8243;][\/vc_column][\/vc_row]\n","protected":false},"excerpt":{"rendered":"<p>[vc_row content_placement=&#8220;middle&#8220; curly_bg_repeat=&#8220;bg-repeat-x&#8220; curly_bg_position=&#8220;bg-pos-center-bottom&#8220; curly_padding=&#8220;content-padding-lg&#8220; css=&#8220;.vc_custom_1474744696716{background-color: #f7f6f6 !important;}&#8220;][vc_column width=&#8220;5\/12&#8243; offset=&#8220;vc_col-sm-offset-1&#8243;][vc_single_image image=&#8220;2150&#8243; img_size=&#8220;full&#8220; el_class=&#8220;img-frame-large&#8220;][vc_single_image image=&#8220;2378&#8243; img_size=&#8220;full&#8220; el_class=&#8220;img-frame-large&#8220;][\/vc_column][vc_column width=&#8220;1\/3&#8243; offset=&#8220;vc_col-sm-offset-1&#8243;][vc_column_text] Renata Cristine Lopes Ballett LehrerinChefftrainerin Renata Cristine Lopes begann bereits mit 4 Jahren mit dem Ballettunterricht und ist die Hauptlehrerin von der Ballettschule Lopes. Sie unterrichtet seit 1999 in ihren eigenen Ballettschulen. Die diplom Ballettlehrerin &amp; T\u00e4nzerin absolvierte Ihren Abschluss an der [&hellip;]<\/p>\n","protected":false},"author":1,"featured_media":0,"parent":0,"menu_order":0,"comment_status":"closed","ping_status":"closed","template":"","meta":{"footnotes":""},"class_list":["post-1997","page","type-page","status-publish","hentry"],"_links":{"self":[{"href":"https:\/\/ballettschule-lopes.de\/w\/wp-json\/wp\/v2\/pages\/1997","targetHints":{"allow":["GET"]}}],"collection":[{"href":"https:\/\/ballettschule-lopes.de\/w\/wp-json\/wp\/v2\/pages"}],"about":[{"href":"https:\/\/ballettschule-lopes.de\/w\/wp-json\/wp\/v2\/types\/page"}],"author":[{"embeddable":true,"href":"https:\/\/ballettschule-lopes.de\/w\/wp-json\/wp\/v2\/users\/1"}],"replies":[{"embeddable":true,"href":"https:\/\/ballettschule-lopes.de\/w\/wp-json\/wp\/v2\/comments?post=1997"}],"version-history":[{"count":10,"href":"https:\/\/ballettschule-lopes.de\/w\/wp-json\/wp\/v2\/pages\/1997\/revisions"}],"predecessor-version":[{"id":2379,"href":"https:\/\/ballettschule-lopes.de\/w\/wp-json\/wp\/v2\/pages\/1997\/revisions\/2379"}],"wp:attachment":[{"href":"https:\/\/ballettschule-lopes.de\/w\/wp-json\/wp\/v2\/media?parent=1997"}],"curies":[{"name":"wp","href":"https:\/\/api.w.org\/{rel}","templated":true}]}}